{"id":23,"date":"2015-10-15T15:32:40","date_gmt":"2015-10-15T15:32:40","guid":{"rendered":"http:\/\/wpoffice\/construction\/?page_id=23"},"modified":"2024-12-08T11:45:12","modified_gmt":"2024-12-08T11:45:12","slug":"contact","status":"publish","type":"page","link":"https:\/\/tienhungcorp.com.vn\/index.php\/contact\/","title":{"rendered":"Li\u00ean h\u1ec7"},"content":{"rendered":"\n<style type=\"text\/css\" data-created_by=\"avia_inline_auto\" id=\"style-css-av-3a87-f3c91a28501b86dd76aa318b0115830e\">\n.flex_column.av-3a87-f3c91a28501b86dd76aa318b0115830e{\nborder-radius:0px 0px 0px 0px;\npadding:0px 0px 0px 0px;\n}\n<\/style>\n<div  class='flex_column av-3a87-f3c91a28501b86dd76aa318b0115830e av_two_third  avia-builder-el-0  el_before_av_one_third  avia-builder-el-first  first flex_column_div av-animated-generic bottom-to-top av-zero-column-padding  '     ><p>\n<style type=\"text\/css\" data-created_by=\"avia_inline_auto\" id=\"style-css-av-8ohsb-237475a76811afdc1794bf01dc9b6dc7\">\n#top .av-special-heading.av-8ohsb-237475a76811afdc1794bf01dc9b6dc7{\npadding-bottom:0;\n}\nbody .av-special-heading.av-8ohsb-237475a76811afdc1794bf01dc9b6dc7 .av-special-heading-tag .heading-char{\nfont-size:25px;\n}\n.av-special-heading.av-8ohsb-237475a76811afdc1794bf01dc9b6dc7 .av-subheading{\nfont-size:15px;\n}\n<\/style>\n<div  class='av-special-heading av-8ohsb-237475a76811afdc1794bf01dc9b6dc7 av-special-heading-h3 blockquote modern-quote  avia-builder-el-1  el_before_av_hr  avia-builder-el-first '><h3 class='av-special-heading-tag '  itemprop=\"headline\"  >Li\u00ean h\u1ec7<\/h3><div class=\"special-heading-border\"><div class=\"special-heading-inner-border\"><\/div><\/div><\/div><br \/>\n\n<style type=\"text\/css\" data-created_by=\"avia_inline_auto\" id=\"style-css-av-83vcj-74246f06c8ed40ef399cdf0a92342fc6\">\n#top .hr.av-83vcj-74246f06c8ed40ef399cdf0a92342fc6{\nmargin-top:10px;\nmargin-bottom:10px;\n}\n.hr.av-83vcj-74246f06c8ed40ef399cdf0a92342fc6 .hr-inner{\nwidth:50px;\nborder-color:#efbb20;\n}\n<\/style>\n<div  class='hr av-83vcj-74246f06c8ed40ef399cdf0a92342fc6 hr-custom  avia-builder-el-2  el_after_av_heading  el_before_av_contact  hr-left hr-icon-no'><span class='hr-inner inner-border-av-border-fat'><span class=\"hr-inner-style\"><\/span><\/span><\/div><br \/>\n<form action=\"https:\/\/tienhungcorp.com.vn\/index.php\/contact\/\" method=\"post\" data-fields-with-error=\"Found errors in the following field(s):\" class=\"avia_ajax_form av-form-labels-visible   avia-builder-el-3  el_after_av_hr  avia-builder-el-last   \" data-avia-form-id=\"1\" data-avia-redirect=''  aria-label='Contact Form' ><fieldset><p class='  first_form  form_element form_element_half' id='element_avia_1_1'><label for=\"avia_1_1\">T\u00ean <abbr class=\"required\" title=\"required\">*<\/abbr><\/label> <input name=\"avia_1_1\" class=\"text_input is_empty\" type=\"text\" id=\"avia_1_1\" value=\"\" \/><\/p><p class='  form_element form_element_half' id='element_avia_2_1'><label for=\"avia_2_1\">E-Mail <abbr class=\"required\" title=\"required\">*<\/abbr><\/label> <input name=\"avia_2_1\" class=\"text_input is_email\" type=\"text\" id=\"avia_2_1\" value=\"\" \/><\/p><p class='  first_form  form_element form_element_half' id='element_avia_3_1'><label for=\"avia_3_1\">Ti\u00eau \u0111\u1ec1 <abbr class=\"required\" title=\"required\">*<\/abbr><\/label> <input name=\"avia_3_1\" class=\"text_input is_empty\" type=\"text\" id=\"avia_3_1\" value=\"\" \/><\/p><p class='  first_form  form_element form_fullwidth av-last-visible-form-element' id='element_avia_4_1'><label for=\"avia_4_1\" class=\"textare_label hidden textare_label_avia_4_1\">N\u1ed9i dung <abbr class=\"required\" title=\"required\">*<\/abbr><\/label><textarea  name=\"avia_4_1\" class=\"text_area is_empty\" cols=\"40\" rows=\"7\" id=\"avia_4_1\" ><\/textarea><\/p><p class=\"hidden\"><input type=\"text\" name=\"avia_5_1\" class=\"hidden \" id=\"avia_5_1\" value=\"\" \/><\/p><p class=\"form_element \"><input type=\"hidden\" value=\"1\" name=\"avia_generated_form1\" \/><input type=\"submit\" value=\"G\u1eedi email\" class=\"button\"  data-sending-label=\"Sending\"\/><\/p><\/fieldset><\/form><div id=\"ajaxresponse_1\" class=\"ajaxresponse ajaxresponse_1 hidden\"><\/div><\/p><\/div>\n\n<style type=\"text\/css\" data-created_by=\"avia_inline_auto\" id=\"style-css-av-42ylr-59135368c97e0d16bbb332077f023a7e\">\n.flex_column.av-42ylr-59135368c97e0d16bbb332077f023a7e{\nborder-radius:0px 0px 0px 0px;\npadding:0px 0px 0px 0px;\n}\n<\/style>\n<div  class='flex_column av-42ylr-59135368c97e0d16bbb332077f023a7e av_one_third  avia-builder-el-4  el_after_av_two_third  avia-builder-el-last  flex_column_div av-animated-generic bottom-to-top av-zero-column-padding  '     ><p>\n<style type=\"text\/css\" data-created_by=\"avia_inline_auto\" id=\"style-css-av-3axf7-d61800f5927e4c7ea655c90bf95d548d\">\n#top .av-special-heading.av-3axf7-d61800f5927e4c7ea655c90bf95d548d{\npadding-bottom:0;\n}\nbody .av-special-heading.av-3axf7-d61800f5927e4c7ea655c90bf95d548d .av-special-heading-tag .heading-char{\nfont-size:25px;\n}\n.av-special-heading.av-3axf7-d61800f5927e4c7ea655c90bf95d548d .av-subheading{\nfont-size:15px;\n}\n<\/style>\n<div  class='av-special-heading av-3axf7-d61800f5927e4c7ea655c90bf95d548d av-special-heading-h3 blockquote modern-quote  avia-builder-el-5  el_before_av_hr  avia-builder-el-first '><h3 class='av-special-heading-tag '  itemprop=\"headline\"  >Li\u00ean h\u1ec7 tr\u1ef1c ti\u1ebfp<\/h3><div class=\"special-heading-border\"><div class=\"special-heading-inner-border\"><\/div><\/div><\/div><br \/>\n\n<style type=\"text\/css\" data-created_by=\"avia_inline_auto\" id=\"style-css-av-97qb-ab942226952e0332c2b207c031b066be\">\n#top .hr.av-97qb-ab942226952e0332c2b207c031b066be{\nmargin-top:10px;\nmargin-bottom:10px;\n}\n.hr.av-97qb-ab942226952e0332c2b207c031b066be .hr-inner{\nwidth:50px;\nborder-color:#efbb20;\n}\n<\/style>\n<div  class='hr av-97qb-ab942226952e0332c2b207c031b066be hr-custom  avia-builder-el-6  el_after_av_heading  el_before_av_textblock  hr-left hr-icon-no'><span class='hr-inner inner-border-av-border-fat'><span class=\"hr-inner-style\"><\/span><\/span><\/div><br \/>\n<section  class='av_textblock_section av-23anz-de25d66dfae83e54f84bcb8fe8379197 '   itemscope=\"itemscope\" itemtype=\"https:\/\/schema.org\/CreativeWork\" ><div class='avia_textblock'  itemprop=\"text\" ><p>Ch\u00fang t\u00f4i lu\u00f4n mong \u0111\u1ee3i \u0111\u01b0\u1ee3c h\u1ee3p t\u00e1c<\/p>\n<\/div><\/section><br \/>\n\n<style type=\"text\/css\" data-created_by=\"avia_inline_auto\" id=\"style-css-av-1hxlv-c5f103e50845ab532bc38d08004a84e2\">\n#top .hr.av-1hxlv-c5f103e50845ab532bc38d08004a84e2{\nmargin-top:10px;\nmargin-bottom:10px;\n}\n.hr.av-1hxlv-c5f103e50845ab532bc38d08004a84e2 .hr-inner{\nwidth:50px;\nborder-color:#efbb20;\n}\n<\/style>\n<div  class='hr av-1hxlv-c5f103e50845ab532bc38d08004a84e2 hr-custom  avia-builder-el-8  el_after_av_textblock  el_before_av_textblock  hr-left hr-icon-no'><span class='hr-inner inner-border-av-border-fat'><span class=\"hr-inner-style\"><\/span><\/span><\/div><br \/>\n<section  class='av_textblock_section av-3vr7-e59e7bb216d04775c7eb14f9eb4bc8b7 '   itemscope=\"itemscope\" itemtype=\"https:\/\/schema.org\/CreativeWork\" ><div class='avia_textblock'  itemprop=\"text\" ><p><strong>\u0110\u1ecba ch\u1ec9<\/strong><\/p>\n<p>S\u1ed1 61, \u0110\u01b0\u1eddng s\u1ed1 17, Khu M\u1ef9 Th\u00e1i 2 &#8211; S4, P.T\u00e2n Ph\u00fa<br \/>\nQ.7, Tp. H\u1ed3 Ch\u00ed Minh<\/p>\n<p><strong>Li\u00ean h\u1ec7<\/strong><br \/>\n(028) 6827288<br \/>\nsupport@tienhungcorp.com.vn<\/p>\n<p><strong>Gi\u1edd m\u1edf c\u1eeda<\/strong><br \/>\nT2-T6: 8:00-17:00<br \/>\nT7: 8:00-11:00<br \/>\nCN: Ngh\u1ec9<\/p>\n<\/div><\/section><\/p><\/div>\n","protected":false},"excerpt":{"rendered":"","protected":false},"author":1,"featured_media":0,"parent":0,"menu_order":0,"comment_status":"closed","ping_status":"closed","template":"","meta":{"footnotes":""},"class_list":["post-23","page","type-page","status-publish","hentry"],"yoast_head":"<!-- This site is optimized with the Yoast SEO plugin v23.9 - https:\/\/yoast.com\/wordpress\/plugins\/seo\/ -->\n<title>Li\u00ean h\u1ec7 - Tien Hung Corp.<\/title>\n<meta name=\"robots\" content=\"index, follow, max-snippet:-1, max-image-preview:large, max-video-preview:-1\" \/>\n<link rel=\"canonical\" href=\"https:\/\/tienhungcorp.com.vn\/index.php\/contact\/\" \/>\n<meta property=\"og:locale\" content=\"vi_VN\" \/>\n<meta property=\"og:type\" content=\"article\" \/>\n<meta property=\"og:title\" content=\"Li\u00ean h\u1ec7 - Tien Hung Corp.\" \/>\n<meta property=\"og:url\" content=\"https:\/\/tienhungcorp.com.vn\/index.php\/contact\/\" \/>\n<meta property=\"og:site_name\" content=\"Tien Hung Corp.\" \/>\n<meta property=\"article:modified_time\" content=\"2024-12-08T11:45:12+00:00\" \/>\n<meta name=\"twitter:card\" content=\"summary_large_image\" \/>\n<meta name=\"twitter:label1\" content=\"\u01af\u1edbc t\u00ednh th\u1eddi gian \u0111\u1ecdc\" \/>\n\t<meta name=\"twitter:data1\" content=\"1 ph\u00fat\" \/>\n<script type=\"application\/ld+json\" class=\"yoast-schema-graph\">{\"@context\":\"https:\/\/schema.org\",\"@graph\":[{\"@type\":\"WebPage\",\"@id\":\"https:\/\/tienhungcorp.com.vn\/index.php\/contact\/\",\"url\":\"https:\/\/tienhungcorp.com.vn\/index.php\/contact\/\",\"name\":\"Li\u00ean h\u1ec7 - Tien Hung Corp.\",\"isPartOf\":{\"@id\":\"https:\/\/tienhungcorp.com.vn\/#website\"},\"datePublished\":\"2015-10-15T15:32:40+00:00\",\"dateModified\":\"2024-12-08T11:45:12+00:00\",\"breadcrumb\":{\"@id\":\"https:\/\/tienhungcorp.com.vn\/index.php\/contact\/#breadcrumb\"},\"inLanguage\":\"vi\",\"potentialAction\":[{\"@type\":\"ReadAction\",\"target\":[\"https:\/\/tienhungcorp.com.vn\/index.php\/contact\/\"]}]},{\"@type\":\"BreadcrumbList\",\"@id\":\"https:\/\/tienhungcorp.com.vn\/index.php\/contact\/#breadcrumb\",\"itemListElement\":[{\"@type\":\"ListItem\",\"position\":1,\"name\":\"Home\",\"item\":\"https:\/\/tienhungcorp.com.vn\/index.php\/home\/\"},{\"@type\":\"ListItem\",\"position\":2,\"name\":\"Li\u00ean h\u1ec7\"}]},{\"@type\":\"WebSite\",\"@id\":\"https:\/\/tienhungcorp.com.vn\/#website\",\"url\":\"https:\/\/tienhungcorp.com.vn\/\",\"name\":\"Tien Hung Corp.\",\"description\":\"\",\"potentialAction\":[{\"@type\":\"SearchAction\",\"target\":{\"@type\":\"EntryPoint\",\"urlTemplate\":\"https:\/\/tienhungcorp.com.vn\/?s={search_term_string}\"},\"query-input\":{\"@type\":\"PropertyValueSpecification\",\"valueRequired\":true,\"valueName\":\"search_term_string\"}}],\"inLanguage\":\"vi\"}]}<\/script>\n<!-- \/ Yoast SEO plugin. -->","yoast_head_json":{"title":"Li\u00ean h\u1ec7 - Tien Hung Corp.","robots":{"index":"index","follow":"follow","max-snippet":"max-snippet:-1","max-image-preview":"max-image-preview:large","max-video-preview":"max-video-preview:-1"},"canonical":"https:\/\/tienhungcorp.com.vn\/index.php\/contact\/","og_locale":"vi_VN","og_type":"article","og_title":"Li\u00ean h\u1ec7 - Tien Hung Corp.","og_url":"https:\/\/tienhungcorp.com.vn\/index.php\/contact\/","og_site_name":"Tien Hung Corp.","article_modified_time":"2024-12-08T11:45:12+00:00","twitter_card":"summary_large_image","twitter_misc":{"\u01af\u1edbc t\u00ednh th\u1eddi gian \u0111\u1ecdc":"1 ph\u00fat"},"schema":{"@context":"https:\/\/schema.org","@graph":[{"@type":"WebPage","@id":"https:\/\/tienhungcorp.com.vn\/index.php\/contact\/","url":"https:\/\/tienhungcorp.com.vn\/index.php\/contact\/","name":"Li\u00ean h\u1ec7 - Tien Hung Corp.","isPartOf":{"@id":"https:\/\/tienhungcorp.com.vn\/#website"},"datePublished":"2015-10-15T15:32:40+00:00","dateModified":"2024-12-08T11:45:12+00:00","breadcrumb":{"@id":"https:\/\/tienhungcorp.com.vn\/index.php\/contact\/#breadcrumb"},"inLanguage":"vi","potentialAction":[{"@type":"ReadAction","target":["https:\/\/tienhungcorp.com.vn\/index.php\/contact\/"]}]},{"@type":"BreadcrumbList","@id":"https:\/\/tienhungcorp.com.vn\/index.php\/contact\/#breadcrumb","itemListElement":[{"@type":"ListItem","position":1,"name":"Home","item":"https:\/\/tienhungcorp.com.vn\/index.php\/home\/"},{"@type":"ListItem","position":2,"name":"Li\u00ean h\u1ec7"}]},{"@type":"WebSite","@id":"https:\/\/tienhungcorp.com.vn\/#website","url":"https:\/\/tienhungcorp.com.vn\/","name":"Tien Hung Corp.","description":"","potentialAction":[{"@type":"SearchAction","target":{"@type":"EntryPoint","urlTemplate":"https:\/\/tienhungcorp.com.vn\/?s={search_term_string}"},"query-input":{"@type":"PropertyValueSpecification","valueRequired":true,"valueName":"search_term_string"}}],"inLanguage":"vi"}]}},"_links":{"self":[{"href":"https:\/\/tienhungcorp.com.vn\/index.php\/wp-json\/wp\/v2\/pages\/23","targetHints":{"allow":["GET"]}}],"collection":[{"href":"https:\/\/tienhungcorp.com.vn\/index.php\/wp-json\/wp\/v2\/pages"}],"about":[{"href":"https:\/\/tienhungcorp.com.vn\/index.php\/wp-json\/wp\/v2\/types\/page"}],"author":[{"embeddable":true,"href":"https:\/\/tienhungcorp.com.vn\/index.php\/wp-json\/wp\/v2\/users\/1"}],"replies":[{"embeddable":true,"href":"https:\/\/tienhungcorp.com.vn\/index.php\/wp-json\/wp\/v2\/comments?post=23"}],"version-history":[{"count":5,"href":"https:\/\/tienhungcorp.com.vn\/index.php\/wp-json\/wp\/v2\/pages\/23\/revisions"}],"predecessor-version":[{"id":363,"href":"https:\/\/tienhungcorp.com.vn\/index.php\/wp-json\/wp\/v2\/pages\/23\/revisions\/363"}],"wp:attachment":[{"href":"https:\/\/tienhungcorp.com.vn\/index.php\/wp-json\/wp\/v2\/media?parent=23"}],"curies":[{"name":"wp","href":"https:\/\/api.w.org\/{rel}","templated":true}]}}